{"id":7783,"date":"2022-12-21T16:14:39","date_gmt":"2022-12-21T16:14:39","guid":{"rendered":"https:\/\/schnittmuster-dongodesign.de\/?post_type=product&#038;p=7783"},"modified":"2024-08-28T22:56:27","modified_gmt":"2024-08-28T22:56:27","slug":"uppsala","status":"publish","type":"product","link":"https:\/\/schnittmuster-dongodesign.de\/en\/product\/uppsala\/","title":{"rendered":"Uppsala"},"content":{"rendered":"<h6>Uppsala<\/h6>\n<p>Das Schnittmuster Uppsala ist schnell zu n\u00e4hen und ist ein sch\u00f6nes Weihnachtsgeschenk. Die M\u00fctze hat nur 2 Schnittteile und kann auch gewendet werden, in 6 Gr\u00f6\u00dfen abgespeichert, f\u00fcr Frauen und M\u00e4nner gleicherma\u00dfen bequem und warm. F\u00fcr au\u00dfen ein Walkstoffrest, und innen ein dehnbarer Baumwollteddy mit vielen Tragem\u00f6glichkeiten.<br \/>\nDer Schnitt ist leicht und auch f\u00fcr Anf\u00e4nger geeignet, daher Schwierigkeitsgrad leicht. Ihr k\u00f6nnt die M\u00fctze mit vielen verschiedenen Jacken oder M\u00e4nteln kombinieren. Uppsala kann auch gut mit meinen angebotenen Pulsw\u00e4rmer-Handstulpen- und Loopschnitten kombiniert werden. Die E-Book N\u00e4hanleitung in Deutsch und Englisch ist sehr gut zu verstehen und mit Fotos best\u00fcckt. inklusive Gr\u00f6\u00dfentabelle.<br \/>\nSchwierigkeitsgrad leicht.<\/p>\n<p><strong>Material:\u00a0<\/strong><br \/>\n30 cm Walkstoff<br \/>\n30 cm Teddystoff-dehnbar fu\u0308r innen<br \/>\nGarn<\/p>\n<p><strong>Damen Gr\u00f6\u00dfen<\/strong><br \/>\nGr\u00f6\u00dfe XS-S-M-L-XL-XXL<\/p>\n<p><strong>Schnittmuster E-Book<\/strong><br \/>\n<a href=\"https:\/\/dongodesign.de\/schnittmuster-e-book\/\">Schnittmuster E-Book<\/a> und Anleitung als PDF Datei zum Herunterladen und ausdrucken.<\/p>\n","protected":false},"excerpt":{"rendered":"<h6>Uppsala<\/h6>\n<p>Das Schnittmuster Uppsala ist schnell zu n\u00e4hen und ist ein sch\u00f6nes Weihnachtsgeschenk. Die M\u00fctze hat nur 2 Schnittteile und kann auch gewendet werden, in 6 Gr\u00f6\u00dfen abgespeichert, f\u00fcr Frauen und M\u00e4nner gleicherma\u00dfen bequem und warm. F\u00fcr au\u00dfen ein Walkstoffrest, und innen ein dehnbarer Baumwollteddy mit vielen Tragem\u00f6glichkeiten.<br \/>\nDer Schnitt ist leicht und auch f\u00fcr Anf\u00e4nger geeignet, daher Schwierigkeitsgrad leicht. Ihr k\u00f6nnt die M\u00fctze mit vielen verschiedenen Jacken oder M\u00e4nteln kombinieren. Uppsala kann auch gut mit meinen angebotenen Pulsw\u00e4rmer-Handstulpen- und Loopschnitten kombiniert werden. Die E-Book N\u00e4hanleitung in Deutsch und Englisch ist sehr gut zu verstehen und mit Fotos best\u00fcckt. inklusive Gr\u00f6\u00dfentabelle.<br \/>\nSchwierigkeitsgrad leicht.<\/p>\n<p><strong>Material:\u00a0<\/strong><br \/>\n30 cm Walkstoff<br \/>\n30 cm Teddystoff-dehnbar fu\u0308r innen<br \/>\nGarn<\/p>\n","protected":false},"featured_media":7804,"comment_status":"open","ping_status":"closed","template":"","meta":[],"product_brand":[],"product_cat":[4002,4354,3885],"product_tag":[77,4709,2807,81,2502,79,4791,4789,726,4790],"class_list":{"0":"post-7783","1":"product","2":"type-product","3":"status-publish","4":"has-post-thumbnail","6":"product_cat-accessoires-en","7":"product_cat-men-en-en-2","8":"product_cat-women-en","9":"product_tag-dongodesign","10":"product_tag-hutschnittmuster","11":"product_tag-muetze-naehen","12":"product_tag-naehanleitung","13":"product_tag-pdf-schnittmuster","14":"product_tag-schnittmuster-ebook","15":"product_tag-teddy-2","16":"product_tag-uppsala-2","17":"product_tag-walkstoff","18":"product_tag-wendemuetze-2","20":"first","21":"instock","22":"downloadable","23":"virtual","24":"purchasable","25":"product-type-simple"},"yoast_head":"<!-- This site is optimized with the Yoast SEO plugin v26.3 - https:\/\/yoast.com\/wordpress\/plugins\/seo\/ -->\n<title>Uppsala - DongoDesign<\/title>\n<meta name=\"description\" content=\"Uppsala, DongoDesign, Hutschnittmuster, PDF-Schnittmuster, N\u00e4hanleitung, Schnittmuster eBook, M\u00fctze n\u00e4hen, Wendem\u00fctze, Walkstoff, Teddy\" \/>\n<meta name=\"robots\" content=\"index, follow, max-snippet:-1, max-image-preview:large, max-video-preview:-1\" \/>\n<link rel=\"canonical\" href=\"https:\/\/schnittmuster-dongodesign.de\/en\/product\/uppsala\/\" \/>\n<meta property=\"og:locale\" content=\"en_US\" \/>\n<meta property=\"og:type\" content=\"article\" \/>\n<meta property=\"og:title\" content=\"Uppsala - DongoDesign\" \/>\n<meta property=\"og:description\" content=\"Uppsala, DongoDesign, Hutschnittmuster, PDF-Schnittmuster, N\u00e4hanleitung, Schnittmuster eBook, M\u00fctze n\u00e4hen, Wendem\u00fctze, Walkstoff, Teddy\" \/>\n<meta property=\"og:url\" content=\"https:\/\/schnittmuster-dongodesign.de\/en\/product\/uppsala\/\" \/>\n<meta property=\"og:site_name\" content=\"DongoDesign\" \/>\n<meta property=\"article:publisher\" content=\"https:\/\/de-de.facebook.com\/Dongo-Design-212642232244328\/\" \/>\n<meta property=\"article:modified_time\" content=\"2024-08-28T22:56:27+00:00\" \/>\n<meta property=\"og:image\" content=\"https:\/\/schnittmuster-dongodesign.de\/wp-content\/uploads\/2022\/12\/Uppsala1.jpg\" \/>\n\t<meta property=\"og:image:width\" content=\"750\" \/>\n\t<meta property=\"og:image:height\" content=\"1089\" \/>\n\t<meta property=\"og:image:type\" content=\"image\/jpeg\" \/>\n<meta name=\"twitter:card\" content=\"summary_large_image\" \/>\n<meta name=\"twitter:site\" content=\"@Dongodesign\" \/>\n<meta name=\"twitter:label1\" content=\"Est. reading time\" \/>\n\t<meta name=\"twitter:data1\" content=\"1 minute\" \/>\n<script type=\"application\/ld+json\" class=\"yoast-schema-graph\">{\"@context\":\"https:\/\/schema.org\",\"@graph\":[{\"@type\":\"WebPage\",\"@id\":\"https:\/\/schnittmuster-dongodesign.de\/en\/product\/uppsala\/\",\"url\":\"https:\/\/schnittmuster-dongodesign.de\/en\/product\/uppsala\/\",\"name\":\"Uppsala - DongoDesign\",\"isPartOf\":{\"@id\":\"https:\/\/schnittmuster-dongodesign.de\/en\/#website\"},\"primaryImageOfPage\":{\"@id\":\"https:\/\/schnittmuster-dongodesign.de\/en\/product\/uppsala\/#primaryimage\"},\"image\":{\"@id\":\"https:\/\/schnittmuster-dongodesign.de\/en\/product\/uppsala\/#primaryimage\"},\"thumbnailUrl\":\"https:\/\/i0.wp.com\/schnittmuster-dongodesign.de\/wp-content\/uploads\/2022\/12\/Uppsala1.jpg?fit=750%2C1089&ssl=1\",\"datePublished\":\"2022-12-21T16:14:39+00:00\",\"dateModified\":\"2024-08-28T22:56:27+00:00\",\"description\":\"Uppsala, DongoDesign, Hutschnittmuster, PDF-Schnittmuster, N\u00e4hanleitung, Schnittmuster eBook, M\u00fctze n\u00e4hen, Wendem\u00fctze, Walkstoff, Teddy\",\"breadcrumb\":{\"@id\":\"https:\/\/schnittmuster-dongodesign.de\/en\/product\/uppsala\/#breadcrumb\"},\"inLanguage\":\"en-US\",\"potentialAction\":[{\"@type\":\"ReadAction\",\"target\":[\"https:\/\/schnittmuster-dongodesign.de\/en\/product\/uppsala\/\"]}]},{\"@type\":\"ImageObject\",\"inLanguage\":\"en-US\",\"@id\":\"https:\/\/schnittmuster-dongodesign.de\/en\/product\/uppsala\/#primaryimage\",\"url\":\"https:\/\/i0.wp.com\/schnittmuster-dongodesign.de\/wp-content\/uploads\/2022\/12\/Uppsala1.jpg?fit=750%2C1089&ssl=1\",\"contentUrl\":\"https:\/\/i0.wp.com\/schnittmuster-dongodesign.de\/wp-content\/uploads\/2022\/12\/Uppsala1.jpg?fit=750%2C1089&ssl=1\",\"width\":750,\"height\":1089,\"caption\":\"Uppsala\"},{\"@type\":\"BreadcrumbList\",\"@id\":\"https:\/\/schnittmuster-dongodesign.de\/en\/product\/uppsala\/#breadcrumb\",\"itemListElement\":[{\"@type\":\"ListItem\",\"position\":1,\"name\":\"Home\",\"item\":\"https:\/\/schnittmuster-dongodesign.de\/en\/\"},{\"@type\":\"ListItem\",\"position\":2,\"name\":\"DongoDesign Sewing Patterns eShop\",\"item\":\"https:\/\/schnittmuster-dongodesign.de\/en\/\"},{\"@type\":\"ListItem\",\"position\":3,\"name\":\"Uppsala\"}]},{\"@type\":\"WebSite\",\"@id\":\"https:\/\/schnittmuster-dongodesign.de\/en\/#website\",\"url\":\"https:\/\/schnittmuster-dongodesign.de\/en\/\",\"name\":\"DongoDesign\",\"description\":\"Schnittmuster\",\"potentialAction\":[{\"@type\":\"SearchAction\",\"target\":{\"@type\":\"EntryPoint\",\"urlTemplate\":\"https:\/\/schnittmuster-dongodesign.de\/en\/?s={search_term_string}\"},\"query-input\":{\"@type\":\"PropertyValueSpecification\",\"valueRequired\":true,\"valueName\":\"search_term_string\"}}],\"inLanguage\":\"en-US\"}]}<\/script>\n<!-- \/ Yoast SEO plugin. -->","yoast_head_json":{"title":"Uppsala - DongoDesign","description":"Uppsala, DongoDesign, Hutschnittmuster, PDF-Schnittmuster, N\u00e4hanleitung, Schnittmuster eBook, M\u00fctze n\u00e4hen, Wendem\u00fctze, Walkstoff, Teddy","robots":{"index":"index","follow":"follow","max-snippet":"max-snippet:-1","max-image-preview":"max-image-preview:large","max-video-preview":"max-video-preview:-1"},"canonical":"https:\/\/schnittmuster-dongodesign.de\/en\/product\/uppsala\/","og_locale":"en_US","og_type":"article","og_title":"Uppsala - DongoDesign","og_description":"Uppsala, DongoDesign, Hutschnittmuster, PDF-Schnittmuster, N\u00e4hanleitung, Schnittmuster eBook, M\u00fctze n\u00e4hen, Wendem\u00fctze, Walkstoff, Teddy","og_url":"https:\/\/schnittmuster-dongodesign.de\/en\/product\/uppsala\/","og_site_name":"DongoDesign","article_publisher":"https:\/\/de-de.facebook.com\/Dongo-Design-212642232244328\/","article_modified_time":"2024-08-28T22:56:27+00:00","og_image":[{"width":750,"height":1089,"url":"https:\/\/schnittmuster-dongodesign.de\/wp-content\/uploads\/2022\/12\/Uppsala1.jpg","type":"image\/jpeg"}],"twitter_card":"summary_large_image","twitter_site":"@Dongodesign","twitter_misc":{"Est. reading time":"1 minute"},"schema":{"@context":"https:\/\/schema.org","@graph":[{"@type":"WebPage","@id":"https:\/\/schnittmuster-dongodesign.de\/en\/product\/uppsala\/","url":"https:\/\/schnittmuster-dongodesign.de\/en\/product\/uppsala\/","name":"Uppsala - DongoDesign","isPartOf":{"@id":"https:\/\/schnittmuster-dongodesign.de\/en\/#website"},"primaryImageOfPage":{"@id":"https:\/\/schnittmuster-dongodesign.de\/en\/product\/uppsala\/#primaryimage"},"image":{"@id":"https:\/\/schnittmuster-dongodesign.de\/en\/product\/uppsala\/#primaryimage"},"thumbnailUrl":"https:\/\/i0.wp.com\/schnittmuster-dongodesign.de\/wp-content\/uploads\/2022\/12\/Uppsala1.jpg?fit=750%2C1089&ssl=1","datePublished":"2022-12-21T16:14:39+00:00","dateModified":"2024-08-28T22:56:27+00:00","description":"Uppsala, DongoDesign, Hutschnittmuster, PDF-Schnittmuster, N\u00e4hanleitung, Schnittmuster eBook, M\u00fctze n\u00e4hen, Wendem\u00fctze, Walkstoff, Teddy","breadcrumb":{"@id":"https:\/\/schnittmuster-dongodesign.de\/en\/product\/uppsala\/#breadcrumb"},"inLanguage":"en-US","potentialAction":[{"@type":"ReadAction","target":["https:\/\/schnittmuster-dongodesign.de\/en\/product\/uppsala\/"]}]},{"@type":"ImageObject","inLanguage":"en-US","@id":"https:\/\/schnittmuster-dongodesign.de\/en\/product\/uppsala\/#primaryimage","url":"https:\/\/i0.wp.com\/schnittmuster-dongodesign.de\/wp-content\/uploads\/2022\/12\/Uppsala1.jpg?fit=750%2C1089&ssl=1","contentUrl":"https:\/\/i0.wp.com\/schnittmuster-dongodesign.de\/wp-content\/uploads\/2022\/12\/Uppsala1.jpg?fit=750%2C1089&ssl=1","width":750,"height":1089,"caption":"Uppsala"},{"@type":"BreadcrumbList","@id":"https:\/\/schnittmuster-dongodesign.de\/en\/product\/uppsala\/#breadcrumb","itemListElement":[{"@type":"ListItem","position":1,"name":"Home","item":"https:\/\/schnittmuster-dongodesign.de\/en\/"},{"@type":"ListItem","position":2,"name":"DongoDesign Sewing Patterns eShop","item":"https:\/\/schnittmuster-dongodesign.de\/en\/"},{"@type":"ListItem","position":3,"name":"Uppsala"}]},{"@type":"WebSite","@id":"https:\/\/schnittmuster-dongodesign.de\/en\/#website","url":"https:\/\/schnittmuster-dongodesign.de\/en\/","name":"DongoDesign","description":"Schnittmuster","potentialAction":[{"@type":"SearchAction","target":{"@type":"EntryPoint","urlTemplate":"https:\/\/schnittmuster-dongodesign.de\/en\/?s={search_term_string}"},"query-input":{"@type":"PropertyValueSpecification","valueRequired":true,"valueName":"search_term_string"}}],"inLanguage":"en-US"}]}},"jetpack_sharing_enabled":true,"_links":{"self":[{"href":"https:\/\/schnittmuster-dongodesign.de\/en\/wp-json\/wp\/v2\/product\/7783","targetHints":{"allow":["GET"]}}],"collection":[{"href":"https:\/\/schnittmuster-dongodesign.de\/en\/wp-json\/wp\/v2\/product"}],"about":[{"href":"https:\/\/schnittmuster-dongodesign.de\/en\/wp-json\/wp\/v2\/types\/product"}],"replies":[{"embeddable":true,"href":"https:\/\/schnittmuster-dongodesign.de\/en\/wp-json\/wp\/v2\/comments?post=7783"}],"wp:featuredmedia":[{"embeddable":true,"href":"https:\/\/schnittmuster-dongodesign.de\/en\/wp-json\/wp\/v2\/media\/7804"}],"wp:attachment":[{"href":"https:\/\/schnittmuster-dongodesign.de\/en\/wp-json\/wp\/v2\/media?parent=7783"}],"wp:term":[{"taxonomy":"product_brand","embeddable":true,"href":"https:\/\/schnittmuster-dongodesign.de\/en\/wp-json\/wp\/v2\/product_brand?post=7783"},{"taxonomy":"product_cat","embeddable":true,"href":"https:\/\/schnittmuster-dongodesign.de\/en\/wp-json\/wp\/v2\/product_cat?post=7783"},{"taxonomy":"product_tag","embeddable":true,"href":"https:\/\/schnittmuster-dongodesign.de\/en\/wp-json\/wp\/v2\/product_tag?post=7783"}],"curies":[{"name":"wp","href":"https:\/\/api.w.org\/{rel}","templated":true}]}}