{"id":4596,"date":"2018-01-18T14:39:26","date_gmt":"2018-01-18T14:39:26","guid":{"rendered":"https:\/\/dongodesign.de\/product\/marina-en\/"},"modified":"2024-10-26T02:12:17","modified_gmt":"2024-10-26T02:12:17","slug":"marina-en","status":"publish","type":"product","link":"https:\/\/schnittmuster-dongodesign.de\/en\/product\/marina-en\/","title":{"rendered":"Marina"},"content":{"rendered":"<p><strong>Marina<\/strong><\/p>\n<p>The blouse pattern Marina is designed for soft falling possibly transparent woven fabrics and double-layered. The inner layer is at the same time also the inner facing. With several pleats in the front which run in different directions. The sewing pattern Marina is medium difficult to sew and without zipper over the head to strip. The sewing instructions are good to understand and equipped with photos. Sewing degree medium.<\/p>\n<p><strong>Material:\u00a0<\/strong><br \/>\n2.2 meters of soft fine fabric 140 cm wide (silk, viscose)<br \/>\nyarn<\/p>\n","protected":false},"excerpt":{"rendered":"<p><strong>Marina<\/strong><\/p>\n<p>The blouse pattern Marina is designed for soft falling possibly transparent woven fabrics and double-layered. The inner layer is at the same time also the inner facing. With several pleats in the front which run in different directions. The sewing pattern Marina is medium difficult to sew and without zipper over the head to strip. The sewing instructions are good to understand and equipped with photos. Sewing degree medium.<\/p>\n<p><strong>Material:\u00a0<\/strong><br \/>\n2.2 meters of soft fine fabric 140 cm wide (silk, viscose)<br \/>\nyarn<\/p>\n<p><strong>German Ladies Sizes<\/strong><br \/>\nSz: 32-36, Sz: 38-42, Sz: 44-48<\/p>\n<p><strong>Sewing\u00a0<\/strong><b>Patterns eBook in\u00a0A4, A0 and letter<\/b><br \/>\n<a href=\"http:\/\/dongodesign.de\/website\/dongodesign-2018\/en\/sewing-patterns-ebook\/\">Sewing Patterns eBook and Instructions as Pdf<\/a>\u00a0 Direct download after payment<\/p>\n","protected":false},"featured_media":601,"comment_status":"open","ping_status":"closed","template":"","meta":[],"product_brand":[],"product_cat":[4333,4342,3885],"product_tag":[3894,4357,4358,4365,4359,3786,4360,3789,129,4363,4356,4361,4364,4267,141,144,3822,4271,150,156,3921,237,4366,4368,4362,4367],"class_list":{"0":"post-4596","1":"product","2":"type-product","3":"status-publish","4":"has-post-thumbnail","6":"product_cat-blouses-en","7":"product_cat-tops-en-2","8":"product_cat-women-en","9":"product_tag-baumwolle-en","10":"product_tag-blouse-en","11":"product_tag-blouse-fashion-en","12":"product_tag-blouse-marina-en","13":"product_tag-blouses-en","14":"product_tag-bluse-naehen-en","15":"product_tag-business-fashion-en","16":"product_tag-dongo-design-de-en","17":"product_tag-dongodesign-en","18":"product_tag-elegante-blouse","19":"product_tag-in-the-shadow-of-the-scene","20":"product_tag-long-blouse-en","21":"product_tag-marina-en-2","22":"product_tag-mode-en","23":"product_tag-naehanleitung-en","24":"product_tag-naehen-en","25":"product_tag-naehkurs-en","26":"product_tag-schnell-naehen-en","27":"product_tag-schnittmuster-en","28":"product_tag-schnittmuster-ebook-en","29":"product_tag-seide-en","30":"product_tag-sommer-en","31":"product_tag-top-en-2","32":"product_tag-transparent-en-2","33":"product_tag-tunika-en","34":"product_tag-voile-en-2","36":"first","37":"instock","38":"downloadable","39":"virtual","40":"purchasable","41":"product-type-simple"},"yoast_head":"<!-- This site is optimized with the Yoast SEO plugin v26.3 - https:\/\/yoast.com\/wordpress\/plugins\/seo\/ -->\n<title>Marina - DongoDesign<\/title>\n<meta name=\"description\" content=\"Marina, Bluse Marina, elegante Bluse, Bluse, DongoDesign, Schnittmuster, Blusenmode, Blusen, Top, Sommer, Businessmode, Voile, Seide, Mode, Langbluse, N\u00e4hen, N\u00e4hanleitung, N\u00e4hkurs,Schnittmuster eBook, Bluse n\u00e4hen, Tunika, Baumwolle, schnell n\u00e4hen, dongo design, Schnittentwicklung im Schatten der Naht, transparent\" \/>\n<meta name=\"robots\" content=\"index, follow, max-snippet:-1, max-image-preview:large, max-video-preview:-1\" \/>\n<link rel=\"canonical\" href=\"https:\/\/schnittmuster-dongodesign.de\/en\/product\/marina-en\/\" \/>\n<meta property=\"og:locale\" content=\"en_US\" \/>\n<meta property=\"og:type\" content=\"article\" \/>\n<meta property=\"og:title\" content=\"Marina - DongoDesign\" \/>\n<meta property=\"og:description\" content=\"Marina, Bluse Marina, elegante Bluse, Bluse, DongoDesign, Schnittmuster, Blusenmode, Blusen, Top, Sommer, Businessmode, Voile, Seide, Mode, Langbluse, N\u00e4hen, N\u00e4hanleitung, N\u00e4hkurs,Schnittmuster eBook, Bluse n\u00e4hen, Tunika, Baumwolle, schnell n\u00e4hen, dongo design, Schnittentwicklung im Schatten der Naht, transparent\" \/>\n<meta property=\"og:url\" content=\"https:\/\/schnittmuster-dongodesign.de\/en\/product\/marina-en\/\" \/>\n<meta property=\"og:site_name\" content=\"DongoDesign\" \/>\n<meta property=\"article:publisher\" content=\"https:\/\/de-de.facebook.com\/Dongo-Design-212642232244328\/\" \/>\n<meta property=\"article:modified_time\" content=\"2024-10-26T02:12:17+00:00\" \/>\n<meta name=\"twitter:card\" content=\"summary_large_image\" \/>\n<meta name=\"twitter:site\" content=\"@Dongodesign\" \/>\n<script type=\"application\/ld+json\" class=\"yoast-schema-graph\">{\"@context\":\"https:\/\/schema.org\",\"@graph\":[{\"@type\":\"WebPage\",\"@id\":\"https:\/\/schnittmuster-dongodesign.de\/en\/product\/marina-en\/\",\"url\":\"https:\/\/schnittmuster-dongodesign.de\/en\/product\/marina-en\/\",\"name\":\"Marina - DongoDesign\",\"isPartOf\":{\"@id\":\"https:\/\/schnittmuster-dongodesign.de\/en\/#website\"},\"primaryImageOfPage\":{\"@id\":\"https:\/\/schnittmuster-dongodesign.de\/en\/product\/marina-en\/#primaryimage\"},\"image\":{\"@id\":\"https:\/\/schnittmuster-dongodesign.de\/en\/product\/marina-en\/#primaryimage\"},\"thumbnailUrl\":\"https:\/\/i0.wp.com\/schnittmuster-dongodesign.de\/wp-content\/uploads\/2018\/01\/Marina1.jpg?fit=750%2C1089&ssl=1\",\"datePublished\":\"2018-01-18T14:39:26+00:00\",\"dateModified\":\"2024-10-26T02:12:17+00:00\",\"description\":\"Marina, Bluse Marina, elegante Bluse, Bluse, DongoDesign, Schnittmuster, Blusenmode, Blusen, Top, Sommer, Businessmode, Voile, Seide, Mode, Langbluse, N\u00e4hen, N\u00e4hanleitung, N\u00e4hkurs,Schnittmuster eBook, Bluse n\u00e4hen, Tunika, Baumwolle, schnell n\u00e4hen, dongo design, Schnittentwicklung im Schatten der Naht, transparent\",\"breadcrumb\":{\"@id\":\"https:\/\/schnittmuster-dongodesign.de\/en\/product\/marina-en\/#breadcrumb\"},\"inLanguage\":\"en-US\",\"potentialAction\":[{\"@type\":\"ReadAction\",\"target\":[\"https:\/\/schnittmuster-dongodesign.de\/en\/product\/marina-en\/\"]}]},{\"@type\":\"ImageObject\",\"inLanguage\":\"en-US\",\"@id\":\"https:\/\/schnittmuster-dongodesign.de\/en\/product\/marina-en\/#primaryimage\",\"url\":\"https:\/\/i0.wp.com\/schnittmuster-dongodesign.de\/wp-content\/uploads\/2018\/01\/Marina1.jpg?fit=750%2C1089&ssl=1\",\"contentUrl\":\"https:\/\/i0.wp.com\/schnittmuster-dongodesign.de\/wp-content\/uploads\/2018\/01\/Marina1.jpg?fit=750%2C1089&ssl=1\",\"width\":750,\"height\":1089,\"caption\":\"Marina\"},{\"@type\":\"BreadcrumbList\",\"@id\":\"https:\/\/schnittmuster-dongodesign.de\/en\/product\/marina-en\/#breadcrumb\",\"itemListElement\":[{\"@type\":\"ListItem\",\"position\":1,\"name\":\"Home\",\"item\":\"https:\/\/schnittmuster-dongodesign.de\/en\/\"},{\"@type\":\"ListItem\",\"position\":2,\"name\":\"DongoDesign Sewing Patterns eShop\",\"item\":\"https:\/\/schnittmuster-dongodesign.de\/en\/\"},{\"@type\":\"ListItem\",\"position\":3,\"name\":\"Marina\"}]},{\"@type\":\"WebSite\",\"@id\":\"https:\/\/schnittmuster-dongodesign.de\/en\/#website\",\"url\":\"https:\/\/schnittmuster-dongodesign.de\/en\/\",\"name\":\"DongoDesign\",\"description\":\"Schnittmuster\",\"potentialAction\":[{\"@type\":\"SearchAction\",\"target\":{\"@type\":\"EntryPoint\",\"urlTemplate\":\"https:\/\/schnittmuster-dongodesign.de\/en\/?s={search_term_string}\"},\"query-input\":{\"@type\":\"PropertyValueSpecification\",\"valueRequired\":true,\"valueName\":\"search_term_string\"}}],\"inLanguage\":\"en-US\"}]}<\/script>\n<!-- \/ Yoast SEO plugin. -->","yoast_head_json":{"title":"Marina - DongoDesign","description":"Marina, Bluse Marina, elegante Bluse, Bluse, DongoDesign, Schnittmuster, Blusenmode, Blusen, Top, Sommer, Businessmode, Voile, Seide, Mode, Langbluse, N\u00e4hen, N\u00e4hanleitung, N\u00e4hkurs,Schnittmuster eBook, Bluse n\u00e4hen, Tunika, Baumwolle, schnell n\u00e4hen, dongo design, Schnittentwicklung im Schatten der Naht, transparent","robots":{"index":"index","follow":"follow","max-snippet":"max-snippet:-1","max-image-preview":"max-image-preview:large","max-video-preview":"max-video-preview:-1"},"canonical":"https:\/\/schnittmuster-dongodesign.de\/en\/product\/marina-en\/","og_locale":"en_US","og_type":"article","og_title":"Marina - DongoDesign","og_description":"Marina, Bluse Marina, elegante Bluse, Bluse, DongoDesign, Schnittmuster, Blusenmode, Blusen, Top, Sommer, Businessmode, Voile, Seide, Mode, Langbluse, N\u00e4hen, N\u00e4hanleitung, N\u00e4hkurs,Schnittmuster eBook, Bluse n\u00e4hen, Tunika, Baumwolle, schnell n\u00e4hen, dongo design, Schnittentwicklung im Schatten der Naht, transparent","og_url":"https:\/\/schnittmuster-dongodesign.de\/en\/product\/marina-en\/","og_site_name":"DongoDesign","article_publisher":"https:\/\/de-de.facebook.com\/Dongo-Design-212642232244328\/","article_modified_time":"2024-10-26T02:12:17+00:00","twitter_card":"summary_large_image","twitter_site":"@Dongodesign","schema":{"@context":"https:\/\/schema.org","@graph":[{"@type":"WebPage","@id":"https:\/\/schnittmuster-dongodesign.de\/en\/product\/marina-en\/","url":"https:\/\/schnittmuster-dongodesign.de\/en\/product\/marina-en\/","name":"Marina - DongoDesign","isPartOf":{"@id":"https:\/\/schnittmuster-dongodesign.de\/en\/#website"},"primaryImageOfPage":{"@id":"https:\/\/schnittmuster-dongodesign.de\/en\/product\/marina-en\/#primaryimage"},"image":{"@id":"https:\/\/schnittmuster-dongodesign.de\/en\/product\/marina-en\/#primaryimage"},"thumbnailUrl":"https:\/\/i0.wp.com\/schnittmuster-dongodesign.de\/wp-content\/uploads\/2018\/01\/Marina1.jpg?fit=750%2C1089&ssl=1","datePublished":"2018-01-18T14:39:26+00:00","dateModified":"2024-10-26T02:12:17+00:00","description":"Marina, Bluse Marina, elegante Bluse, Bluse, DongoDesign, Schnittmuster, Blusenmode, Blusen, Top, Sommer, Businessmode, Voile, Seide, Mode, Langbluse, N\u00e4hen, N\u00e4hanleitung, N\u00e4hkurs,Schnittmuster eBook, Bluse n\u00e4hen, Tunika, Baumwolle, schnell n\u00e4hen, dongo design, Schnittentwicklung im Schatten der Naht, transparent","breadcrumb":{"@id":"https:\/\/schnittmuster-dongodesign.de\/en\/product\/marina-en\/#breadcrumb"},"inLanguage":"en-US","potentialAction":[{"@type":"ReadAction","target":["https:\/\/schnittmuster-dongodesign.de\/en\/product\/marina-en\/"]}]},{"@type":"ImageObject","inLanguage":"en-US","@id":"https:\/\/schnittmuster-dongodesign.de\/en\/product\/marina-en\/#primaryimage","url":"https:\/\/i0.wp.com\/schnittmuster-dongodesign.de\/wp-content\/uploads\/2018\/01\/Marina1.jpg?fit=750%2C1089&ssl=1","contentUrl":"https:\/\/i0.wp.com\/schnittmuster-dongodesign.de\/wp-content\/uploads\/2018\/01\/Marina1.jpg?fit=750%2C1089&ssl=1","width":750,"height":1089,"caption":"Marina"},{"@type":"BreadcrumbList","@id":"https:\/\/schnittmuster-dongodesign.de\/en\/product\/marina-en\/#breadcrumb","itemListElement":[{"@type":"ListItem","position":1,"name":"Home","item":"https:\/\/schnittmuster-dongodesign.de\/en\/"},{"@type":"ListItem","position":2,"name":"DongoDesign Sewing Patterns eShop","item":"https:\/\/schnittmuster-dongodesign.de\/en\/"},{"@type":"ListItem","position":3,"name":"Marina"}]},{"@type":"WebSite","@id":"https:\/\/schnittmuster-dongodesign.de\/en\/#website","url":"https:\/\/schnittmuster-dongodesign.de\/en\/","name":"DongoDesign","description":"Schnittmuster","potentialAction":[{"@type":"SearchAction","target":{"@type":"EntryPoint","urlTemplate":"https:\/\/schnittmuster-dongodesign.de\/en\/?s={search_term_string}"},"query-input":{"@type":"PropertyValueSpecification","valueRequired":true,"valueName":"search_term_string"}}],"inLanguage":"en-US"}]}},"jetpack_sharing_enabled":true,"_links":{"self":[{"href":"https:\/\/schnittmuster-dongodesign.de\/en\/wp-json\/wp\/v2\/product\/4596","targetHints":{"allow":["GET"]}}],"collection":[{"href":"https:\/\/schnittmuster-dongodesign.de\/en\/wp-json\/wp\/v2\/product"}],"about":[{"href":"https:\/\/schnittmuster-dongodesign.de\/en\/wp-json\/wp\/v2\/types\/product"}],"replies":[{"embeddable":true,"href":"https:\/\/schnittmuster-dongodesign.de\/en\/wp-json\/wp\/v2\/comments?post=4596"}],"wp:featuredmedia":[{"embeddable":true,"href":"https:\/\/schnittmuster-dongodesign.de\/en\/wp-json\/wp\/v2\/media\/601"}],"wp:attachment":[{"href":"https:\/\/schnittmuster-dongodesign.de\/en\/wp-json\/wp\/v2\/media?parent=4596"}],"wp:term":[{"taxonomy":"product_brand","embeddable":true,"href":"https:\/\/schnittmuster-dongodesign.de\/en\/wp-json\/wp\/v2\/product_brand?post=4596"},{"taxonomy":"product_cat","embeddable":true,"href":"https:\/\/schnittmuster-dongodesign.de\/en\/wp-json\/wp\/v2\/product_cat?post=4596"},{"taxonomy":"product_tag","embeddable":true,"href":"https:\/\/schnittmuster-dongodesign.de\/en\/wp-json\/wp\/v2\/product_tag?post=4596"}],"curies":[{"name":"wp","href":"https:\/\/api.w.org\/{rel}","templated":true}]}}