{"id":8716,"date":"2025-04-18T10:44:41","date_gmt":"2025-04-18T09:44:41","guid":{"rendered":"https:\/\/schnittmuster-dongodesign.de\/dongodesign-2\/"},"modified":"2025-04-18T10:44:45","modified_gmt":"2025-04-18T09:44:45","slug":"dongodesign-2","status":"publish","type":"page","link":"https:\/\/schnittmuster-dongodesign.de\/en\/dongodesign-2\/","title":{"rendered":"DongoDesign"},"content":{"rendered":"<div class=\"wpb-content-wrapper\"><p>[vc_row css_animation=&#8221;&#8221; row_type=&#8221;row&#8221; use_row_as_full_screen_section=&#8221;no&#8221; type=&#8221;grid&#8221; angled_section=&#8221;no&#8221; text_align=&#8221;left&#8221; background_image_as_pattern=&#8221;without_pattern&#8221; z_index=&#8221;&#8221; background_image=&#8221;6234&#8243; padding_bottom=&#8221;60&#8243; padding_top=&#8221;0&#8243;][vc_column][vc_empty_space height=&#8221;40px&#8221;][vc_single_image image=&#8221;6056&#8243; img_size=&#8221;231&#215;50&#8243; alignment=&#8221;center&#8221; qode_css_animation=&#8221;&#8221;][vc_empty_space height=&#8221;30px&#8221;][vc_row_inner row_type=&#8221;row&#8221; type=&#8221;full_width&#8221; text_align=&#8221;left&#8221; css_animation=&#8221;&#8221;][vc_column_inner width=&#8221;1\/2&#8243;][vc_single_image image=&#8221;6241&#8243; img_size=&#8221;full&#8221; alignment=&#8221;center&#8221; qode_css_animation=&#8221;&#8221;][vc_empty_space][\/vc_column_inner][vc_column_inner width=&#8221;1\/2&#8243; css=&#8221;.vc_custom_1569312108609{background-color: rgba(255,255,255,0.78) !important;*background-color: rgb(255,255,255) !important;}&#8221;][vc_column_text]<\/p>\n<p class=\"header_body\"><strong>WAS IST DONGODESIGN ?<\/strong><\/p>\n<p>&nbsp;<\/p>\n<p>DongoDesign hei\u00dft Bettina Dongowski, daher hier ein kleiner pers\u00f6nlicher Lebenslauf:<\/p>\n<p>&nbsp;<\/p>\n<p>W\u00e4hrend ich einige Jahre nach Abschluss meines Modedesignstudiums fest angestellt als Designerin und Schnitttechnikerin arbeitete, fing ich parallel an mich ab 1989 selbst\u00e4ndig zu machen. Zuerst auf Avantgardemessen mit einer kleinen Leder- und Leinenkollektion erstmals unter dem Namen DongoDesign, und ab 1991 auch mit einem eigenen Laden in dem ich meine Kollektionen pr\u00e4sentierte anfertigte und verkaufte. Nebenbei begeisterte es mich wie auch heute noch f\u00fcr Theater und B\u00fchne phantasievolle Kost\u00fcme zu entwerfen, womit ich damals schon begonnen hatte.<\/p>\n<p>&nbsp;<\/p>\n<p>Mit j\u00e4hrlich zwei Modenschauen und vielen Presseartikeln \u00fcber diese existierte der DongoDesign Laden bis ich mich 2007 dazu entschloss meinen Horizont wieder einmal zu erweitern, den Laden schloss, das Atelier jedoch weiter behielt und anfing Modedesign, Schnitttechnik und N\u00e4hen zu unterrichten.<\/p>\n<p>&nbsp;<\/p>\n<p>Mit der Entwicklung dieser grandiosen CAD Schnittprogramme kam dann noch eine neue Leidenschaft dazu: Virtuelle Schnittentwicklung zeigte mir ganz neue Umsetzungsm\u00f6glichkeiten meiner Ideen und auch eine viel leichtere Vermarktung dieser Kreationen.<\/p>\n<p>&nbsp;<\/p>\n<p>In der Mode sind es die kleinen Details die mich interessieren, alles was ein Kleidungsst\u00fcck einzigartig macht, und Schnittdesign das einen erstaunt, zweimal hinschauen l\u00e4sst, und man sich dann fragt&#8230;wie kann denn das funktionieren? Wie kann denn der \u00c4rmel aus dem Kragen wachsen?<br \/>\nMode ist f\u00fcr mich etwas Sinnliches mit Stoffen oder anderen Materialien die sich weich und angenehm an die K\u00f6rpersilhouette anschmiegen und Schnitten die bequem sind und gerade deshalb auch gut sitzen.<\/p>\n<p>&nbsp;<\/p>\n<p>Mir wurde einmal von einer meiner Kundinnen gesagt: Deine Mode ist ein positives Lebensgef\u00fchl zum Anziehen!<\/p>\n<p>&nbsp;<\/p>\n<p>Und nun erm\u00f6gliche ich mit dieser Homepage Hobbyschneiderinnen sich ihr ganz eigenes positives Lebensgef\u00fchl zu verwirklichen!<\/p>\n<p>&nbsp;<\/p>\n<p>Viel Spa\u00df dabei<\/p>\n<p><span class=\"body_bold\">Bettina Dongowski<\/span><\/p>\n<p>&nbsp;<\/p>\n<p>[\/vc_column_text][\/vc_column_inner][\/vc_row_inner][vc_row_inner row_type=&#8221;row&#8221; type=&#8221;full_width&#8221; text_align=&#8221;left&#8221; css_animation=&#8221;&#8221;][vc_column_inner][vc_empty_space][\/vc_column_inner][\/vc_row_inner][\/vc_column][\/vc_row][vc_row css_animation=&#8221;&#8221; row_type=&#8221;row&#8221; use_row_as_full_screen_section=&#8221;no&#8221; type=&#8221;grid&#8221; angled_section=&#8221;no&#8221; text_align=&#8221;center&#8221; background_image_as_pattern=&#8221;without_pattern&#8221; z_index=&#8221;&#8221; background_color=&#8221;#9bbde0&#8243;][vc_column][vc_empty_space height=&#8221;20px&#8221;][vc_single_image image=&#8221;6056&#8243; img_size=&#8221;231&#215;50&#8243; alignment=&#8221;center&#8221; qode_css_animation=&#8221;&#8221;][vc_empty_space height=&#8221;0px&#8221;][\/vc_column][\/vc_row][vc_row css_animation=&#8221;&#8221; row_type=&#8221;row&#8221; use_row_as_full_screen_section=&#8221;no&#8221; type=&#8221;grid&#8221; angled_section=&#8221;no&#8221; text_align=&#8221;center&#8221; background_image_as_pattern=&#8221;without_pattern&#8221; background_color=&#8221;#9bbde0&#8243; padding_top=&#8221;5&#8243; padding_bottom=&#8221;20&#8243; z_index=&#8221;&#8221;][vc_column width=&#8221;1\/3&#8243;][vc_empty_space height=&#8221;30px&#8221;]<span class='q_social_icon_holder circle_social' data-color=#ffffff data-hover-background-color=#ffffff data-hover-border-color=#ffffff data-hover-color=#000000><a itemprop='url' href='https:\/\/de-de.facebook.com\/Dongo-Design-212642232244328\/' target='_blank'><span class='fa-stack ' style='background-color: rgba(0, 0, 0, 1);border-color: #000000;margin: 0 7px 0 0;font-size: 15px;'><span aria-hidden=\"true\" class=\"qode_icon_font_elegant social_facebook \" style=\"color: #ffffff;font-size: 14px;\" ><\/span><\/span><\/a><\/span><span class='q_social_icon_holder circle_social' data-color=#ffffff data-hover-background-color=#ffffff data-hover-border-color=#ffffff data-hover-color=#000000><a itemprop='url' href='https:\/\/twitter.com\/Dongodesign' target='_blank'><span class='fa-stack ' style='background-color: rgba(0, 0, 0, 1);border-color: #000000;margin: 0 7px 0 0;font-size: 15px;'><span aria-hidden=\"true\" class=\"qode_icon_font_elegant social_twitter \" style=\"color: #ffffff;font-size: 14px;\" ><\/span><\/span><\/a><\/span><span class='q_social_icon_holder circle_social' data-color=#ffffff data-hover-background-color=#ffffff data-hover-border-color=#ffffff data-hover-color=#000000><a itemprop='url' href='https:\/\/www.pinterest.de\/DongoDesign1\/' target='_blank'><span class='fa-stack ' style='background-color: rgba(0, 0, 0, 1);border-color: #000000;margin: 0 7px 0 0;font-size: 15px;'><span aria-hidden=\"true\" class=\"qode_icon_font_elegant social_pinterest \" style=\"color: #ffffff;font-size: 14px;\" ><\/span><\/span><\/a><\/span><span class='q_social_icon_holder circle_social' data-color=#ffffff data-hover-background-color=#ffffff data-hover-border-color=#ffffff data-hover-color=#000000><a itemprop='url' href='https:\/\/www.instagram.com\/dongodesign_frankfurt\/' target='_blank'><span class='fa-stack ' style='background-color: rgba(0, 0, 0, 1);border-color: #000000;margin: 0 7px 0 0;font-size: 15px;'><span aria-hidden=\"true\" class=\"qode_icon_font_elegant social_instagram \" style=\"color: #ffffff;font-size: 14px;\" ><\/span><\/span><\/a><\/span><span class='q_social_icon_holder circle_social' data-color=#ffffff data-hover-background-color=#ffffff data-hover-border-color=#ffffff data-hover-color=#000000><a itemprop='url' href='https:\/\/plus.google.com\/u\/0\/108870239278164372153' target='_blank'><span class='fa-stack ' style='background-color: rgba(0, 0, 0, 1);border-color: #000000;margin: 0 7px 0 0;font-size: 15px;'><span aria-hidden=\"true\" class=\"qode_icon_font_elegant social_googleplus \" style=\"color: #ffffff;font-size: 14px;\" ><\/span><\/span><\/a><\/span>[vc_empty_space height=&#8221;20px&#8221;][vc_column_text css=&#8221;&#8221; el_class=&#8221;any-link2&#8243;]<a class=\"footer\" href=\"mailto:dongo@dongodesign.de\">dongo@dongodesign.de<\/a>[\/vc_column_text][\/vc_column][vc_column width=&#8221;1\/3&#8243;][vc_single_image image=&#8221;6187&#8243; img_size=&#8221;180&#215;115&#8243; alignment=&#8221;center&#8221; qode_css_animation=&#8221;&#8221;][\/vc_column][vc_column width=&#8221;1\/3&#8243;][vc_empty_space height=&#8221;25px&#8221;][vc_column_text]<\/p>\n<h5 style=\"text-align: center;\"><strong>NEWSLETTER ABONNIEREN!<\/strong><\/h5>\n<p>[\/vc_column_text][vc_empty_space height=&#8221;10px&#8221;]<style id=\"wpforms-css-vars-8549\">\n\t\t\t\t#wpforms-8549 {\n\t\t\t\t\n\t\t\t}\n\t\t\t<\/style><div class=\"wpforms-container wpforms-container-full wpforms-render-modern\" id=\"wpforms-8549\"><form id=\"wpforms-form-8549\" class=\"wpforms-validate wpforms-form wpforms-ajax-form\" data-formid=\"8549\" method=\"post\" enctype=\"multipart\/form-data\" action=\"\/en\/wp-json\/wp\/v2\/pages\/8716\" data-token=\"441d512b11b2576436c18631198e1b39\" data-token-time=\"1777533895\"><noscript class=\"wpforms-error-noscript\">Please enable JavaScript in your browser to complete this form.<\/noscript><div id=\"wpforms-error-noscript\" style=\"display: none;\">Please enable JavaScript in your browser to complete this form.<\/div><div class=\"wpforms-field-container\"><div id=\"wpforms-8549-field_1-container\" class=\"wpforms-field wpforms-field-name\" data-field-id=\"1\"><fieldset><legend class=\"wpforms-field-label wpforms-label-hide\" aria-hidden=\"false\">Name <span class=\"wpforms-required-label\" aria-hidden=\"true\">*<\/span><\/legend><div class=\"wpforms-field-row wpforms-field-large\"><div class=\"wpforms-field-row-block wpforms-first wpforms-one-half\"><input type=\"text\" id=\"wpforms-8549-field_1\" class=\"wpforms-field-name-first wpforms-field-required\" name=\"wpforms[fields][1][first]\" placeholder=\"Vorname\" aria-errormessage=\"wpforms-8549-field_1-error\" required><label for=\"wpforms-8549-field_1\" class=\"wpforms-field-sublabel after wpforms-sublabel-hide\">Vorname<\/label><\/div><div class=\"wpforms-field-row-block wpforms-one-half\"><input type=\"text\" id=\"wpforms-8549-field_1-last\" class=\"wpforms-field-name-last wpforms-field-required\" name=\"wpforms[fields][1][last]\" placeholder=\"Nachname\" aria-errormessage=\"wpforms-8549-field_1-last-error\" required><label for=\"wpforms-8549-field_1-last\" class=\"wpforms-field-sublabel after wpforms-sublabel-hide\">Nachname<\/label><\/div><\/div><\/fieldset><\/div>\t\t<div id=\"wpforms-8549-field_3-container\"\n\t\t\tclass=\"wpforms-field wpforms-field-text\"\n\t\t\tdata-field-type=\"text\"\n\t\t\tdata-field-id=\"3\"\n\t\t\t>\n\t\t\t<label class=\"wpforms-field-label\" for=\"wpforms-8549-field_3\" >Name Email<\/label>\n\t\t\t<input type=\"text\" id=\"wpforms-8549-field_3\" class=\"wpforms-field-medium\" name=\"wpforms[fields][3]\" >\n\t\t<\/div>\n\t\t<div id=\"wpforms-8549-field_2-container\" class=\"wpforms-field wpforms-field-email\" data-field-id=\"2\"><label class=\"wpforms-field-label wpforms-label-hide\" for=\"wpforms-8549-field_2\" aria-hidden=\"false\">Email <span class=\"wpforms-required-label\" aria-hidden=\"true\">*<\/span><\/label><input type=\"email\" id=\"wpforms-8549-field_2\" class=\"wpforms-field-large wpforms-field-required\" name=\"wpforms[fields][2]\" placeholder=\"Email\" spellcheck=\"false\" aria-errormessage=\"wpforms-8549-field_2-error\" required><\/div><script>\n\t\t\t\t( function() {\n\t\t\t\t\tconst style = document.createElement( 'style' );\n\t\t\t\t\tstyle.appendChild( document.createTextNode( '#wpforms-8549-field_3-container { position: absolute !important; overflow: hidden !important; display: inline !important; height: 1px !important; width: 1px !important; z-index: -1000 !important; padding: 0 !important; } #wpforms-8549-field_3-container input { visibility: hidden; } #wpforms-conversational-form-page #wpforms-8549-field_3-container label { counter-increment: none; }' ) );\n\t\t\t\t\tdocument.head.appendChild( style );\n\t\t\t\t\tdocument.currentScript?.remove();\n\t\t\t\t} )();\n\t\t\t<\/script><\/div><!-- .wpforms-field-container --><input type=\"hidden\" name=\"nlang\" value=\"en\"><div class=\"wpforms-recaptcha-container wpforms-is-recaptcha wpforms-is-recaptcha-type-v3\" ><input type=\"hidden\" name=\"wpforms[recaptcha]\" value=\"\"><\/div><div class=\"wpforms-submit-container\" ><input type=\"hidden\" name=\"wpforms[id]\" value=\"8549\"><input type=\"hidden\" name=\"page_title\" value=\"\"><input type=\"hidden\" name=\"page_url\" value=\"https:\/\/schnittmuster-dongodesign.de\/en\/wp-json\/wp\/v2\/pages\/8716\"><input type=\"hidden\" name=\"url_referer\" value=\"\"><button type=\"submit\" name=\"wpforms[submit]\" id=\"wpforms-submit-8549\" class=\"wpforms-submit\" data-alt-text=\"Sending...\" data-submit-text=\"SENDEN\" aria-live=\"assertive\" value=\"wpforms-submit\">SENDEN<\/button><img loading=\"lazy\" decoding=\"async\" src=\"https:\/\/schnittmuster-dongodesign.de\/wp-content\/plugins\/wpforms-lite\/assets\/images\/submit-spin.svg\" class=\"wpforms-submit-spinner\" style=\"display: none;\" width=\"26\" height=\"26\" alt=\"Loading\"><\/div><\/form><\/div>  <!-- .wpforms-container -->[\/vc_column][\/vc_row][vc_row css_animation=&#8221;&#8221; row_type=&#8221;row&#8221; use_row_as_full_screen_section=&#8221;no&#8221; type=&#8221;grid&#8221; angled_section=&#8221;no&#8221; text_align=&#8221;center&#8221; background_image_as_pattern=&#8221;without_pattern&#8221; z_index=&#8221;&#8221; padding_bottom=&#8221;20&#8243; background_color=&#8221;#9bbde0&#8243;][vc_column][vc_column_text el_class=&#8221;.footer&#8221;]<\/p>\n<p style=\"text-align: center;\"><span style=\"color: #000000;\"><span style=\"font-size: 11px;\">\u00a9 2018 DongoDesign\u00a0\u2022 Alle Rechte vorbehalten\u00a0\u2022 <\/span><\/span><a class=\"footer\" href=\"https:\/\/schnittmuster-dongodesign.de\/dongodesign-datenschutz\/\"><span style=\"font-size: 11px;\">Datenschutz<\/span><\/a><span style=\"color: #000000;\">\u00a0\u2022 <\/span><a class=\"footer\" href=\"https:\/\/schnittmuster-dongodesign.de\/allgemeine-geschaeftsbedingungen\/\"><span style=\"font-size: 11px;\">AGB<\/span><\/a><span style=\"color: #000000;\">\u00a0\u2022 <\/span><a class=\"footer\" href=\"https:\/\/schnittmuster-dongodesign.de\/dongodesign-impressum\/\"><span style=\"font-size: 11px;\">Impressum<\/span><\/a><\/p>\n<p>[\/vc_column_text][\/vc_column][\/vc_row]<\/p>\n<\/div>","protected":false},"excerpt":{"rendered":"<p>[vc_row css_animation=&#8221;&#8221; row_type=&#8221;row&#8221; use_row_as_full_screen_section=&#8221;no&#8221; type=&#8221;grid&#8221; angled_section=&#8221;no&#8221; text_align=&#8221;left&#8221; background_image_as_pattern=&#8221;without_pattern&#8221; z_index=&#8221;&#8221; background_image=&#8221;6234&#8243; padding_bottom=&#8221;60&#8243; padding_top=&#8221;0&#8243;][vc_column][vc_empty_space height=&#8221;40px&#8221;][vc_single_image image=&#8221;6056&#8243; img_size=&#8221;231&#215;50&#8243; alignment=&#8221;center&#8221; qode_css_animation=&#8221;&#8221;][vc_empty_space height=&#8221;30px&#8221;][vc_row_inner row_type=&#8221;row&#8221; type=&#8221;full_width&#8221; text_align=&#8221;left&#8221; css_animation=&#8221;&#8221;][vc_column_inner width=&#8221;1\/2&#8243;][vc_single_image image=&#8221;6241&#8243; img_size=&#8221;full&#8221; alignment=&#8221;center&#8221; qode_css_animation=&#8221;&#8221;][vc_empty_space][\/vc_column_inner][vc_column_inner width=&#8221;1\/2&#8243; css=&#8221;.vc_custom_1569312108609{background-color: rgba(255,255,255,0.78) !important;*background-color: rgb(255,255,255) !important;}&#8221;][vc_column_text] WAS IST DONGODESIGN ? &nbsp; DongoDesign hei\u00dft Bettina Dongowski, daher hier ein&#8230;<\/p>\n","protected":false},"author":1,"featured_media":6241,"parent":0,"menu_order":0,"comment_status":"closed","ping_status":"closed","template":"full_width.php","meta":{"footnotes":""},"class_list":["post-8716","page","type-page","status-publish","has-post-thumbnail","hentry"],"yoast_head":"<!-- This site is optimized with the Yoast SEO plugin v26.3 - https:\/\/yoast.com\/wordpress\/plugins\/seo\/ -->\n<title>DongoDesign - DongoDesign<\/title>\n<meta name=\"description\" content=\"Contact, Pattern eBook, DongoDesign pattern eBook, Sewing instructions &amp; patterns download &amp; print, Sewing ideas for beginners and professionals\" \/>\n<meta name=\"robots\" content=\"index, follow, max-snippet:-1, max-image-preview:large, max-video-preview:-1\" \/>\n<link rel=\"canonical\" href=\"https:\/\/schnittmuster-dongodesign.de\/en\/dongodesign-2\/\" \/>\n<meta property=\"og:locale\" content=\"en_US\" \/>\n<meta property=\"og:type\" content=\"article\" \/>\n<meta property=\"og:title\" content=\"DongoDesign - DongoDesign\" \/>\n<meta property=\"og:description\" content=\"Contact, Pattern eBook, DongoDesign pattern eBook, Sewing instructions &amp; patterns download &amp; print, Sewing ideas for beginners and professionals\" \/>\n<meta property=\"og:url\" content=\"https:\/\/schnittmuster-dongodesign.de\/en\/dongodesign-2\/\" \/>\n<meta property=\"og:site_name\" content=\"DongoDesign\" \/>\n<meta property=\"article:publisher\" content=\"https:\/\/de-de.facebook.com\/Dongo-Design-212642232244328\/\" \/>\n<meta property=\"article:modified_time\" content=\"2025-04-18T09:44:45+00:00\" \/>\n<meta property=\"og:image\" content=\"https:\/\/i0.wp.com\/schnittmuster-dongodesign.de\/wp-content\/uploads\/2019\/09\/schnittmuster-dongodesign-tina_bike.png?fit=800%2C702&ssl=1\" \/>\n\t<meta property=\"og:image:width\" content=\"800\" \/>\n\t<meta property=\"og:image:height\" content=\"702\" \/>\n\t<meta property=\"og:image:type\" content=\"image\/png\" \/>\n<meta name=\"twitter:card\" content=\"summary_large_image\" \/>\n<meta name=\"twitter:site\" content=\"@Dongodesign\" \/>\n<meta name=\"twitter:label1\" content=\"Est. reading time\" \/>\n\t<meta name=\"twitter:data1\" content=\"5 minutes\" \/>\n<script type=\"application\/ld+json\" class=\"yoast-schema-graph\">{\"@context\":\"https:\/\/schema.org\",\"@graph\":[{\"@type\":\"WebPage\",\"@id\":\"https:\/\/schnittmuster-dongodesign.de\/en\/dongodesign-2\/\",\"url\":\"https:\/\/schnittmuster-dongodesign.de\/en\/dongodesign-2\/\",\"name\":\"DongoDesign - DongoDesign\",\"isPartOf\":{\"@id\":\"https:\/\/schnittmuster-dongodesign.de\/en\/#website\"},\"primaryImageOfPage\":{\"@id\":\"https:\/\/schnittmuster-dongodesign.de\/en\/dongodesign-2\/#primaryimage\"},\"image\":{\"@id\":\"https:\/\/schnittmuster-dongodesign.de\/en\/dongodesign-2\/#primaryimage\"},\"thumbnailUrl\":\"https:\/\/i0.wp.com\/schnittmuster-dongodesign.de\/wp-content\/uploads\/2019\/09\/schnittmuster-dongodesign-tina_bike.png?fit=800%2C702&ssl=1\",\"datePublished\":\"2025-04-18T09:44:41+00:00\",\"dateModified\":\"2025-04-18T09:44:45+00:00\",\"description\":\"Contact, Pattern eBook, DongoDesign pattern eBook, Sewing instructions & patterns download & print, Sewing ideas for beginners and professionals\",\"breadcrumb\":{\"@id\":\"https:\/\/schnittmuster-dongodesign.de\/en\/dongodesign-2\/#breadcrumb\"},\"inLanguage\":\"en-US\",\"potentialAction\":[{\"@type\":\"ReadAction\",\"target\":[\"https:\/\/schnittmuster-dongodesign.de\/en\/dongodesign-2\/\"]}]},{\"@type\":\"ImageObject\",\"inLanguage\":\"en-US\",\"@id\":\"https:\/\/schnittmuster-dongodesign.de\/en\/dongodesign-2\/#primaryimage\",\"url\":\"https:\/\/i0.wp.com\/schnittmuster-dongodesign.de\/wp-content\/uploads\/2019\/09\/schnittmuster-dongodesign-tina_bike.png?fit=800%2C702&ssl=1\",\"contentUrl\":\"https:\/\/i0.wp.com\/schnittmuster-dongodesign.de\/wp-content\/uploads\/2019\/09\/schnittmuster-dongodesign-tina_bike.png?fit=800%2C702&ssl=1\",\"width\":800,\"height\":702,\"caption\":\"Schnittmuster DongoDesign-Bettina Dongowski\"},{\"@type\":\"BreadcrumbList\",\"@id\":\"https:\/\/schnittmuster-dongodesign.de\/en\/dongodesign-2\/#breadcrumb\",\"itemListElement\":[{\"@type\":\"ListItem\",\"position\":1,\"name\":\"Home\",\"item\":\"https:\/\/schnittmuster-dongodesign.de\/en\/\"},{\"@type\":\"ListItem\",\"position\":2,\"name\":\"DongoDesign\"}]},{\"@type\":\"WebSite\",\"@id\":\"https:\/\/schnittmuster-dongodesign.de\/en\/#website\",\"url\":\"https:\/\/schnittmuster-dongodesign.de\/en\/\",\"name\":\"DongoDesign\",\"description\":\"Schnittmuster\",\"potentialAction\":[{\"@type\":\"SearchAction\",\"target\":{\"@type\":\"EntryPoint\",\"urlTemplate\":\"https:\/\/schnittmuster-dongodesign.de\/en\/?s={search_term_string}\"},\"query-input\":{\"@type\":\"PropertyValueSpecification\",\"valueRequired\":true,\"valueName\":\"search_term_string\"}}],\"inLanguage\":\"en-US\"}]}<\/script>\n<!-- \/ Yoast SEO plugin. -->","yoast_head_json":{"title":"DongoDesign - DongoDesign","description":"Contact, Pattern eBook, DongoDesign pattern eBook, Sewing instructions & patterns download & print, Sewing ideas for beginners and professionals","robots":{"index":"index","follow":"follow","max-snippet":"max-snippet:-1","max-image-preview":"max-image-preview:large","max-video-preview":"max-video-preview:-1"},"canonical":"https:\/\/schnittmuster-dongodesign.de\/en\/dongodesign-2\/","og_locale":"en_US","og_type":"article","og_title":"DongoDesign - DongoDesign","og_description":"Contact, Pattern eBook, DongoDesign pattern eBook, Sewing instructions & patterns download & print, Sewing ideas for beginners and professionals","og_url":"https:\/\/schnittmuster-dongodesign.de\/en\/dongodesign-2\/","og_site_name":"DongoDesign","article_publisher":"https:\/\/de-de.facebook.com\/Dongo-Design-212642232244328\/","article_modified_time":"2025-04-18T09:44:45+00:00","og_image":[{"width":800,"height":702,"url":"https:\/\/i0.wp.com\/schnittmuster-dongodesign.de\/wp-content\/uploads\/2019\/09\/schnittmuster-dongodesign-tina_bike.png?fit=800%2C702&ssl=1","type":"image\/png"}],"twitter_card":"summary_large_image","twitter_site":"@Dongodesign","twitter_misc":{"Est. reading time":"5 minutes"},"schema":{"@context":"https:\/\/schema.org","@graph":[{"@type":"WebPage","@id":"https:\/\/schnittmuster-dongodesign.de\/en\/dongodesign-2\/","url":"https:\/\/schnittmuster-dongodesign.de\/en\/dongodesign-2\/","name":"DongoDesign - DongoDesign","isPartOf":{"@id":"https:\/\/schnittmuster-dongodesign.de\/en\/#website"},"primaryImageOfPage":{"@id":"https:\/\/schnittmuster-dongodesign.de\/en\/dongodesign-2\/#primaryimage"},"image":{"@id":"https:\/\/schnittmuster-dongodesign.de\/en\/dongodesign-2\/#primaryimage"},"thumbnailUrl":"https:\/\/i0.wp.com\/schnittmuster-dongodesign.de\/wp-content\/uploads\/2019\/09\/schnittmuster-dongodesign-tina_bike.png?fit=800%2C702&ssl=1","datePublished":"2025-04-18T09:44:41+00:00","dateModified":"2025-04-18T09:44:45+00:00","description":"Contact, Pattern eBook, DongoDesign pattern eBook, Sewing instructions & patterns download & print, Sewing ideas for beginners and professionals","breadcrumb":{"@id":"https:\/\/schnittmuster-dongodesign.de\/en\/dongodesign-2\/#breadcrumb"},"inLanguage":"en-US","potentialAction":[{"@type":"ReadAction","target":["https:\/\/schnittmuster-dongodesign.de\/en\/dongodesign-2\/"]}]},{"@type":"ImageObject","inLanguage":"en-US","@id":"https:\/\/schnittmuster-dongodesign.de\/en\/dongodesign-2\/#primaryimage","url":"https:\/\/i0.wp.com\/schnittmuster-dongodesign.de\/wp-content\/uploads\/2019\/09\/schnittmuster-dongodesign-tina_bike.png?fit=800%2C702&ssl=1","contentUrl":"https:\/\/i0.wp.com\/schnittmuster-dongodesign.de\/wp-content\/uploads\/2019\/09\/schnittmuster-dongodesign-tina_bike.png?fit=800%2C702&ssl=1","width":800,"height":702,"caption":"Schnittmuster DongoDesign-Bettina Dongowski"},{"@type":"BreadcrumbList","@id":"https:\/\/schnittmuster-dongodesign.de\/en\/dongodesign-2\/#breadcrumb","itemListElement":[{"@type":"ListItem","position":1,"name":"Home","item":"https:\/\/schnittmuster-dongodesign.de\/en\/"},{"@type":"ListItem","position":2,"name":"DongoDesign"}]},{"@type":"WebSite","@id":"https:\/\/schnittmuster-dongodesign.de\/en\/#website","url":"https:\/\/schnittmuster-dongodesign.de\/en\/","name":"DongoDesign","description":"Schnittmuster","potentialAction":[{"@type":"SearchAction","target":{"@type":"EntryPoint","urlTemplate":"https:\/\/schnittmuster-dongodesign.de\/en\/?s={search_term_string}"},"query-input":{"@type":"PropertyValueSpecification","valueRequired":true,"valueName":"search_term_string"}}],"inLanguage":"en-US"}]}},"jetpack_sharing_enabled":true,"_links":{"self":[{"href":"https:\/\/schnittmuster-dongodesign.de\/en\/wp-json\/wp\/v2\/pages\/8716","targetHints":{"allow":["GET"]}}],"collection":[{"href":"https:\/\/schnittmuster-dongodesign.de\/en\/wp-json\/wp\/v2\/pages"}],"about":[{"href":"https:\/\/schnittmuster-dongodesign.de\/en\/wp-json\/wp\/v2\/types\/page"}],"author":[{"embeddable":true,"href":"https:\/\/schnittmuster-dongodesign.de\/en\/wp-json\/wp\/v2\/users\/1"}],"replies":[{"embeddable":true,"href":"https:\/\/schnittmuster-dongodesign.de\/en\/wp-json\/wp\/v2\/comments?post=8716"}],"version-history":[{"count":2,"href":"https:\/\/schnittmuster-dongodesign.de\/en\/wp-json\/wp\/v2\/pages\/8716\/revisions"}],"predecessor-version":[{"id":8718,"href":"https:\/\/schnittmuster-dongodesign.de\/en\/wp-json\/wp\/v2\/pages\/8716\/revisions\/8718"}],"wp:featuredmedia":[{"embeddable":true,"href":"https:\/\/schnittmuster-dongodesign.de\/en\/wp-json\/wp\/v2\/media\/6241"}],"wp:attachment":[{"href":"https:\/\/schnittmuster-dongodesign.de\/en\/wp-json\/wp\/v2\/media?parent=8716"}],"curies":[{"name":"wp","href":"https:\/\/api.w.org\/{rel}","templated":true}]}}