{"id":4924,"date":"2019-07-14T11:41:18","date_gmt":"2019-07-14T11:41:18","guid":{"rendered":"https:\/\/dongodesign.de\/?page_id=4924"},"modified":"2019-07-14T11:44:49","modified_gmt":"2019-07-14T11:44:49","slug":"sewing-pattern-e-book","status":"publish","type":"page","link":"https:\/\/schnittmuster-dongodesign.de\/en\/sewing-pattern-e-book\/","title":{"rendered":"Sewing Pattern E-Book DongoDesign"},"content":{"rendered":"<div class=\"wpb-content-wrapper\"><p>[vc_row row_type=&#8221;parallax&#8221; parallax_content_width=&#8221;in_grid&#8221; text_align=&#8221;left&#8221; full_screen_section_height=&#8221;no&#8221; background_image=&#8221;4793&#8243;][vc_column width=&#8221;1\/6&#8243;][\/vc_column][vc_column width=&#8221;2\/3&#8243; css=&#8221;.vc_custom_1538045284998{background-color: rgba(255,255,255,0.81) !important;*background-color: rgb(255,255,255) !important;}&#8221;][vc_empty_space height=&#8221;5px&#8221;][vc_column_text]<\/p>\n<h1 style=\"text-align: center;\"><span style=\"color: #1e73be;\">DongoDesign Sewing Pattern E-Book<\/span><\/h1>\n<p>[\/vc_column_text][vc_empty_space height=&#8221;30px&#8221;][vc_column_text]Unsere digitalen DongoDesign Sewing Pattern E-Book werden als Zip Datei geliefert, in der sich mehrere PDF Dateien befinden. Diese Seite hilft Ihnen zu verstehen, wie die einzelnen Dateien zu nutzen sind.<\/p>\n<p>&nbsp;<\/p>\n<p>Jeder PDF Dateiname beginnt mit dem Artikelname, dann folgen die verf\u00fcgbaren Schnittmustergr\u00f6\u00dfen. Die Endkennung, sofern vorhanden, gibt Aufschluss \u00fcber die Verwendung.<\/p>\n<p>&nbsp;<\/p>\n<p>Anhand des Beispielartikels \u201cAudrey mit T\u00fctentasche\u201d l\u00e4sst sich erl\u00e4utern, welche Dateien Sie in der Zip Datei vorfinden werden.<\/p>\n<p>&nbsp;<\/p>\n<p><span style=\"color: #1e73be;\"><strong>Zip- Data Content:<\/strong><\/span><\/p>\n<p><span style=\"color: #1e73be;\">\u25cf<\/span>\u00a0Ordner\/Audrey mit Tuetentasche_Gr32-36\/Schnittmuster + Lagebilder in PDF Format<br \/>\n<span style=\"color: #1e73be;\">\u25cf<\/span>\u00a0Order\/Audrey mit Tuetentasche_Gr38-42\/Schnittmuster + Lagebilder in PDF Format<br \/>\n<span style=\"color: #1e73be;\">\u25cf<\/span> Order\/Audrey mit Tuetentasche_Gr44-48\/Schnittmuster + Lagebilder in PDF Format<br \/>\n<span style=\"color: #1e73be;\">\u25cf\u00a0<\/span>Groessentabelle-Sizes-Women-Damen.pdf<br \/>\n<span style=\"color: #1e73be;\">\u25cf\u00a0<\/span>Kontrollquadrat_control_square_10cm.pdf<br \/>\n<span style=\"color: #1e73be;\">\u25cf\u00a0<\/span>N\u00e4hanleitung_Audrey.pdf<\/p>\n<p>&nbsp;<\/p>\n<p>Sie erhalten eine N\u00e4hanleitung und verschiedene Schnittmuster-Gr\u00f6\u00dfen zur Auswahl zum Ausdrucken. Wahlweise k\u00f6nnen Sie die N\u00e4hanleitung drucken, oder die elektronische Version nutzen.<\/p>\n<p>&nbsp;<\/p>\n<p><span style=\"color: #1e73be;\"><strong>Purchase &amp; Download<\/strong><\/span><\/p>\n<p>Once you&#8217;ve completed your purchase you have the following options to download your Sewing Pattern E-Book:<br \/>\n<span style=\"color: #1e73be;\"><strong>1.<\/strong><\/span> PayPal customers will be redirected back to the DongoDesign website. Click the product item button located in the \u201eDownloads\u201c section of the page.<\/p>\n<p><strong><span style=\"color: #1e73be;\">2.<\/span><\/strong> By utilising the download link provided in your &#8220;Bestellungsbest\u00e4tigung Email&#8221; received after purchase.<\/p>\n<p><span style=\"color: #1e73be;\"><strong>3.<\/strong><\/span>\u00a0W\u00e4hlen Sie den Men\u00fcpunkt \u201e<a href=\"https:\/\/schnittmuster-dongodesign.de\/en\/my-account\/\">Mein Konto<\/a>\u201c and then choose \u201e<a href=\"https:\/\/schnittmuster-dongodesign.de\/en\/my-account\/\">Downloads<\/a>\u201c from the left menu options, um Ihre bestellten Artikel aufzurufen und herunterladen.<\/p>\n<p>&nbsp;<\/p>\n<p><img data-recalc-dims=\"1\" loading=\"lazy\" decoding=\"async\" class=\"alignnone size-full wp-image-4905\" src=\"https:\/\/i0.wp.com\/schnittmuster-dongodesign.de\/wp-content\/uploads\/2018\/10\/download-dongodesign-sewing-pattern-e-book.png?resize=1060%2C532&#038;ssl=1\" alt=\"\" width=\"1060\" height=\"532\" srcset=\"https:\/\/i0.wp.com\/schnittmuster-dongodesign.de\/wp-content\/uploads\/2018\/10\/download-dongodesign-sewing-pattern-e-book.png?w=2454&amp;ssl=1 2454w, https:\/\/i0.wp.com\/schnittmuster-dongodesign.de\/wp-content\/uploads\/2018\/10\/download-dongodesign-sewing-pattern-e-book.png?resize=300%2C151&amp;ssl=1 300w, https:\/\/i0.wp.com\/schnittmuster-dongodesign.de\/wp-content\/uploads\/2018\/10\/download-dongodesign-sewing-pattern-e-book.png?resize=768%2C386&amp;ssl=1 768w, https:\/\/i0.wp.com\/schnittmuster-dongodesign.de\/wp-content\/uploads\/2018\/10\/download-dongodesign-sewing-pattern-e-book.png?resize=1024%2C514&amp;ssl=1 1024w, https:\/\/i0.wp.com\/schnittmuster-dongodesign.de\/wp-content\/uploads\/2018\/10\/download-dongodesign-sewing-pattern-e-book.png?resize=700%2C351&amp;ssl=1 700w, https:\/\/i0.wp.com\/schnittmuster-dongodesign.de\/wp-content\/uploads\/2018\/10\/download-dongodesign-sewing-pattern-e-book.png?resize=480%2C241&amp;ssl=1 480w, https:\/\/i0.wp.com\/schnittmuster-dongodesign.de\/wp-content\/uploads\/2018\/10\/download-dongodesign-sewing-pattern-e-book.png?w=2120&amp;ssl=1 2120w\" sizes=\"auto, (max-width: 1060px) 100vw, 1060px\" \/><\/p>\n<p style=\"text-align: center;\"><em><span style=\"color: #1e73be;\"><strong>*<\/strong><\/span> Executed downloads will be saved to the \u201eDownloads\u201c folder of your preferred web browser.<\/em><\/p>\n<p>&nbsp;<\/p>\n<p>&nbsp;<\/p>\n<p><span style=\"color: #1e73be;\"><strong>Printing und Piecing Together<\/strong><\/span><\/p>\n<p>W\u00e4hlen sie sich ihre Gr\u00f6\u00dfenkombination, mit Hilfe der Gr\u00f6\u00dfentabelle, aus und \u00f6ffnen sie das PDF- Schnittmuster. Wenn vor dem Herunterladen kein spezieller Ordner ausgew\u00e4hlt wurde, finden Sie Ihre Datei im Download Ordner Ihres Computers.<\/p>\n<p>&nbsp;<\/p>\n<p>Stellen Sie in Ihren Druckoptionen sicher, dass die Druckgr\u00f6\u00dfe 100% betr\u00e4gt, also die Originalgr\u00f6\u00dfe.\u00a0<span class=\"\">Zuerst die Gr\u00f6\u00dfe kontrollieren mit dem Kontrollquadrat welches genau 10cm mal 10 cm sein sollte, wenn richtig gedruckt wird! Es ist als Extraanhang beigelegt.<\/span><\/p>\n<p>&nbsp;<\/p>\n<p>Unsere Schnittmuster k\u00f6nnen wahlweise A4 Format oder US Letter Format gedruckt werden.<\/p>\n<p>&nbsp;<\/p>\n<p>Schaffen Sie sich ausreichend Raum auf dem Boden oder Tisch. Beginnen Sie, die Teile des Schnittmusters zusammenzuf\u00fcgen, \u00e4hnlich wie bei einem Puzzle.<\/p>\n<p>&nbsp;<\/p>\n<p>Die Randbeschriftungen\u00a0( A1, A2, etc\u2026) helfen ihnen das Raster zu erkennen. Jedes einzelne Blatt hat einen Rand, den man entweder komplett abschneidet, oder aber an zwei Seiten immer dranl\u00e4sst, um die Bl\u00e4tter \u00fcberlappend zusammenkleben zu k\u00f6nnen.<\/p>\n<p>&nbsp;<\/p>\n<p>Stellen Sie sicher, dass Sie die Teile gem\u00e4\u00df Lagebild angeordnet sind, bevor Sie diese mit Klebeband zusammenkleben. Achten Sie darauf, dass keine Blasen oder Unebenheiten entstehen. Als Klebeband eignet sich sehr gut Kreppband aus dem Baumarkt oder Tesafilm.<\/p>\n<p>&nbsp;<\/p>\n<p><span style=\"color: #1e73be;\"><strong>Cutting Tips:<\/strong><\/span><\/p>\n<p><span style=\"color: #1e73be;\">\u25cf<\/span> W\u00e4hlen Sie Ihre Gr\u00f6\u00dfe, die Schnittmustergr\u00f6\u00dfen basieren auf deutschen Standardgr\u00f6\u00dfen (siehe Gr\u00f6\u00dfentabelle.pdf).<br \/>\n<span style=\"color: #1e73be;\">\u25cf<\/span> Schneiden Sie immer entlang der Schnittlinie.<br \/>\n<span style=\"color: #1e73be;\">\u25cf<\/span> Halten Sie Gewichte bereit, um die einzelnen Bl\u00e4tter zu sichern, damit sie nicht verrutschen beim Kleben.<\/p>\n<p>&nbsp;<\/p>\n<p>F\u00fcr Gro\u00dfformat-Drucker gibt es die Schnittmuster in A-0 abgespeichert, hier gibt es unter anderem g\u00fcnstige Online Plattformen wie: <a href=\"https:\/\/www.preiswertplotten.de\" target=\"_blank\" rel=\"noopener noreferrer\">https:\/\/www.preiswertplotten.de<\/a><br \/>\nOder man geht zum n\u00e4chsten Copyshop um es dort direkt ausdrucken zu lassen.[\/vc_column_text][vc_empty_space height=&#8221;80px&#8221;][\/vc_column][vc_column width=&#8221;1\/6&#8243;][\/vc_column][\/vc_row]<\/p>\n<\/div>","protected":false},"excerpt":{"rendered":"<p>[vc_row row_type=&#8221;parallax&#8221; parallax_content_width=&#8221;in_grid&#8221; text_align=&#8221;left&#8221; full_screen_section_height=&#8221;no&#8221; background_image=&#8221;4793&#8243;][vc_column width=&#8221;1\/6&#8243;][\/vc_column][vc_column width=&#8221;2\/3&#8243; css=&#8221;.vc_custom_1538045284998{background-color: rgba(255,255,255,0.81) !important;*background-color: rgb(255,255,255) !important;}&#8221;][vc_empty_space height=&#8221;5px&#8221;][vc_column_text] DongoDesign Sewing Pattern E-Book [\/vc_column_text][vc_empty_space height=&#8221;30px&#8221;][vc_column_text]Unsere digitalen DongoDesign Sewing Pattern E-Book werden als Zip Datei geliefert, in der sich mehrere PDF Dateien befinden. Diese Seite hilft Ihnen zu verstehen, wie die&#8230;<\/p>\n","protected":false},"author":1,"featured_media":0,"parent":0,"menu_order":0,"comment_status":"closed","ping_status":"closed","template":"full_width.php","meta":{"footnotes":""},"class_list":["post-4924","page","type-page","status-publish","hentry"],"yoast_head":"<!-- This site is optimized with the Yoast SEO plugin v26.3 - https:\/\/yoast.com\/wordpress\/plugins\/seo\/ -->\n<title>Sewing Pattern E-Book DongoDesign - DongoDesign %<\/title>\n<meta name=\"description\" content=\"Sewing Pattern E-Book, DongoDesign, DongoDesign Sewing Patterns, Sewing, Sewing Instructions, Sewing Course,PDF Sewing Patterns, Sewing for beginners\" \/>\n<meta name=\"robots\" content=\"index, follow, max-snippet:-1, max-image-preview:large, max-video-preview:-1\" \/>\n<link rel=\"canonical\" href=\"https:\/\/schnittmuster-dongodesign.de\/en\/sewing-pattern-e-book\/\" \/>\n<meta property=\"og:locale\" content=\"en_US\" \/>\n<meta property=\"og:type\" content=\"article\" \/>\n<meta property=\"og:title\" content=\"Sewing Pattern E-Book DongoDesign - DongoDesign %\" \/>\n<meta property=\"og:description\" content=\"Sewing Pattern E-Book, DongoDesign, DongoDesign Sewing Patterns, Sewing, Sewing Instructions, Sewing Course,PDF Sewing Patterns, Sewing for beginners\" \/>\n<meta property=\"og:url\" content=\"https:\/\/schnittmuster-dongodesign.de\/en\/sewing-pattern-e-book\/\" \/>\n<meta property=\"og:site_name\" content=\"DongoDesign\" \/>\n<meta property=\"article:publisher\" content=\"https:\/\/de-de.facebook.com\/Dongo-Design-212642232244328\/\" \/>\n<meta property=\"article:modified_time\" content=\"2019-07-14T11:44:49+00:00\" \/>\n<meta property=\"og:image\" content=\"https:\/\/dongodesign.de\/wp-content\/uploads\/2018\/10\/download-dongodesign-sewing-pattern-e-book.png\" \/>\n<meta name=\"twitter:card\" content=\"summary_large_image\" \/>\n<meta name=\"twitter:site\" content=\"@Dongodesign\" \/>\n<meta name=\"twitter:label1\" content=\"Est. reading time\" \/>\n\t<meta name=\"twitter:data1\" content=\"3 minutes\" \/>\n<script type=\"application\/ld+json\" class=\"yoast-schema-graph\">{\"@context\":\"https:\/\/schema.org\",\"@graph\":[{\"@type\":\"WebPage\",\"@id\":\"https:\/\/schnittmuster-dongodesign.de\/en\/sewing-pattern-e-book\/\",\"url\":\"https:\/\/schnittmuster-dongodesign.de\/en\/sewing-pattern-e-book\/\",\"name\":\"Sewing Pattern E-Book DongoDesign - DongoDesign %\",\"isPartOf\":{\"@id\":\"https:\/\/schnittmuster-dongodesign.de\/en\/#website\"},\"primaryImageOfPage\":{\"@id\":\"https:\/\/schnittmuster-dongodesign.de\/en\/sewing-pattern-e-book\/#primaryimage\"},\"image\":{\"@id\":\"https:\/\/schnittmuster-dongodesign.de\/en\/sewing-pattern-e-book\/#primaryimage\"},\"thumbnailUrl\":\"https:\/\/schnittmuster-dongodesign.de\/wp-content\/uploads\/2018\/10\/download-dongodesign-sewing-pattern-e-book.png\",\"datePublished\":\"2019-07-14T11:41:18+00:00\",\"dateModified\":\"2019-07-14T11:44:49+00:00\",\"description\":\"Sewing Pattern E-Book, DongoDesign, DongoDesign Sewing Patterns, Sewing, Sewing Instructions, Sewing Course,PDF Sewing Patterns, Sewing for beginners\",\"breadcrumb\":{\"@id\":\"https:\/\/schnittmuster-dongodesign.de\/en\/sewing-pattern-e-book\/#breadcrumb\"},\"inLanguage\":\"en-US\",\"potentialAction\":[{\"@type\":\"ReadAction\",\"target\":[\"https:\/\/schnittmuster-dongodesign.de\/en\/sewing-pattern-e-book\/\"]}]},{\"@type\":\"ImageObject\",\"inLanguage\":\"en-US\",\"@id\":\"https:\/\/schnittmuster-dongodesign.de\/en\/sewing-pattern-e-book\/#primaryimage\",\"url\":\"https:\/\/schnittmuster-dongodesign.de\/wp-content\/uploads\/2018\/10\/download-dongodesign-sewing-pattern-e-book.png\",\"contentUrl\":\"https:\/\/schnittmuster-dongodesign.de\/wp-content\/uploads\/2018\/10\/download-dongodesign-sewing-pattern-e-book.png\"},{\"@type\":\"BreadcrumbList\",\"@id\":\"https:\/\/schnittmuster-dongodesign.de\/en\/sewing-pattern-e-book\/#breadcrumb\",\"itemListElement\":[{\"@type\":\"ListItem\",\"position\":1,\"name\":\"Home\",\"item\":\"https:\/\/schnittmuster-dongodesign.de\/en\/\"},{\"@type\":\"ListItem\",\"position\":2,\"name\":\"Sewing Pattern E-Book DongoDesign\"}]},{\"@type\":\"WebSite\",\"@id\":\"https:\/\/schnittmuster-dongodesign.de\/en\/#website\",\"url\":\"https:\/\/schnittmuster-dongodesign.de\/en\/\",\"name\":\"DongoDesign\",\"description\":\"Schnittmuster\",\"potentialAction\":[{\"@type\":\"SearchAction\",\"target\":{\"@type\":\"EntryPoint\",\"urlTemplate\":\"https:\/\/schnittmuster-dongodesign.de\/en\/?s={search_term_string}\"},\"query-input\":{\"@type\":\"PropertyValueSpecification\",\"valueRequired\":true,\"valueName\":\"search_term_string\"}}],\"inLanguage\":\"en-US\"}]}<\/script>\n<!-- \/ Yoast SEO plugin. -->","yoast_head_json":{"title":"Sewing Pattern E-Book DongoDesign - DongoDesign %","description":"Sewing Pattern E-Book, DongoDesign, DongoDesign Sewing Patterns, Sewing, Sewing Instructions, Sewing Course,PDF Sewing Patterns, Sewing for beginners","robots":{"index":"index","follow":"follow","max-snippet":"max-snippet:-1","max-image-preview":"max-image-preview:large","max-video-preview":"max-video-preview:-1"},"canonical":"https:\/\/schnittmuster-dongodesign.de\/en\/sewing-pattern-e-book\/","og_locale":"en_US","og_type":"article","og_title":"Sewing Pattern E-Book DongoDesign - DongoDesign %","og_description":"Sewing Pattern E-Book, DongoDesign, DongoDesign Sewing Patterns, Sewing, Sewing Instructions, Sewing Course,PDF Sewing Patterns, Sewing for beginners","og_url":"https:\/\/schnittmuster-dongodesign.de\/en\/sewing-pattern-e-book\/","og_site_name":"DongoDesign","article_publisher":"https:\/\/de-de.facebook.com\/Dongo-Design-212642232244328\/","article_modified_time":"2019-07-14T11:44:49+00:00","og_image":[{"url":"https:\/\/dongodesign.de\/wp-content\/uploads\/2018\/10\/download-dongodesign-sewing-pattern-e-book.png","type":"","width":"","height":""}],"twitter_card":"summary_large_image","twitter_site":"@Dongodesign","twitter_misc":{"Est. reading time":"3 minutes"},"schema":{"@context":"https:\/\/schema.org","@graph":[{"@type":"WebPage","@id":"https:\/\/schnittmuster-dongodesign.de\/en\/sewing-pattern-e-book\/","url":"https:\/\/schnittmuster-dongodesign.de\/en\/sewing-pattern-e-book\/","name":"Sewing Pattern E-Book DongoDesign - DongoDesign %","isPartOf":{"@id":"https:\/\/schnittmuster-dongodesign.de\/en\/#website"},"primaryImageOfPage":{"@id":"https:\/\/schnittmuster-dongodesign.de\/en\/sewing-pattern-e-book\/#primaryimage"},"image":{"@id":"https:\/\/schnittmuster-dongodesign.de\/en\/sewing-pattern-e-book\/#primaryimage"},"thumbnailUrl":"https:\/\/schnittmuster-dongodesign.de\/wp-content\/uploads\/2018\/10\/download-dongodesign-sewing-pattern-e-book.png","datePublished":"2019-07-14T11:41:18+00:00","dateModified":"2019-07-14T11:44:49+00:00","description":"Sewing Pattern E-Book, DongoDesign, DongoDesign Sewing Patterns, Sewing, Sewing Instructions, Sewing Course,PDF Sewing Patterns, Sewing for beginners","breadcrumb":{"@id":"https:\/\/schnittmuster-dongodesign.de\/en\/sewing-pattern-e-book\/#breadcrumb"},"inLanguage":"en-US","potentialAction":[{"@type":"ReadAction","target":["https:\/\/schnittmuster-dongodesign.de\/en\/sewing-pattern-e-book\/"]}]},{"@type":"ImageObject","inLanguage":"en-US","@id":"https:\/\/schnittmuster-dongodesign.de\/en\/sewing-pattern-e-book\/#primaryimage","url":"https:\/\/schnittmuster-dongodesign.de\/wp-content\/uploads\/2018\/10\/download-dongodesign-sewing-pattern-e-book.png","contentUrl":"https:\/\/schnittmuster-dongodesign.de\/wp-content\/uploads\/2018\/10\/download-dongodesign-sewing-pattern-e-book.png"},{"@type":"BreadcrumbList","@id":"https:\/\/schnittmuster-dongodesign.de\/en\/sewing-pattern-e-book\/#breadcrumb","itemListElement":[{"@type":"ListItem","position":1,"name":"Home","item":"https:\/\/schnittmuster-dongodesign.de\/en\/"},{"@type":"ListItem","position":2,"name":"Sewing Pattern E-Book DongoDesign"}]},{"@type":"WebSite","@id":"https:\/\/schnittmuster-dongodesign.de\/en\/#website","url":"https:\/\/schnittmuster-dongodesign.de\/en\/","name":"DongoDesign","description":"Schnittmuster","potentialAction":[{"@type":"SearchAction","target":{"@type":"EntryPoint","urlTemplate":"https:\/\/schnittmuster-dongodesign.de\/en\/?s={search_term_string}"},"query-input":{"@type":"PropertyValueSpecification","valueRequired":true,"valueName":"search_term_string"}}],"inLanguage":"en-US"}]}},"jetpack_sharing_enabled":true,"_links":{"self":[{"href":"https:\/\/schnittmuster-dongodesign.de\/en\/wp-json\/wp\/v2\/pages\/4924","targetHints":{"allow":["GET"]}}],"collection":[{"href":"https:\/\/schnittmuster-dongodesign.de\/en\/wp-json\/wp\/v2\/pages"}],"about":[{"href":"https:\/\/schnittmuster-dongodesign.de\/en\/wp-json\/wp\/v2\/types\/page"}],"author":[{"embeddable":true,"href":"https:\/\/schnittmuster-dongodesign.de\/en\/wp-json\/wp\/v2\/users\/1"}],"replies":[{"embeddable":true,"href":"https:\/\/schnittmuster-dongodesign.de\/en\/wp-json\/wp\/v2\/comments?post=4924"}],"version-history":[{"count":2,"href":"https:\/\/schnittmuster-dongodesign.de\/en\/wp-json\/wp\/v2\/pages\/4924\/revisions"}],"predecessor-version":[{"id":5816,"href":"https:\/\/schnittmuster-dongodesign.de\/en\/wp-json\/wp\/v2\/pages\/4924\/revisions\/5816"}],"wp:attachment":[{"href":"https:\/\/schnittmuster-dongodesign.de\/en\/wp-json\/wp\/v2\/media?parent=4924"}],"curies":[{"name":"wp","href":"https:\/\/api.w.org\/{rel}","templated":true}]}}